{"id":3696,"date":"2022-03-14T09:39:26","date_gmt":"2022-03-14T07:39:26","guid":{"rendered":"https:\/\/primavara.md\/?page_id=3696"},"modified":"2023-05-23T21:24:36","modified_gmt":"2023-05-23T19:24:36","slug":"termeni-si-conditii","status":"publish","type":"page","link":"https:\/\/primavara.md\/ru\/termeni-si-conditii\/","title":{"rendered":"\u0423\u0441\u043b\u043e\u0432\u0438\u044f"},"content":{"rendered":"<p>Site-ul primavara.md<\/p>\n<p>Acest website (www.primavara.md), numit \u00een continuare \u201esite\u201d este administrat de AO \u201ePrim\u0103vara care ne une\u0219te\u201d, IDNO <b>1020620002380<\/b> cu sediul \u00een Republica Moldova, mun. B\u0103l\u021bi, str. Sf. Nicolae 61 ap. 15. Accesul la acest site \u015fi utilizarea lui \u015fi a website-urilor conexe presupun acceptarea urm\u0103torilor termeni \u015fi condi\u0163ii. Termenii \u015fi condi\u0163iile urm\u0103toare sunt considerate a constitui prevederi minimale aplicabile, utilizarea site-ului supun\u00e2ndu-se de drept prevederilor legisla\u0163iei \u00een vigoare.<\/p>\n<p><strong>DEFINI\u0162II<\/strong><\/p>\n<p>\u00cen cuprinsul prezentului document urm\u0103torii termeni se traduc astfel:<\/p>\n<p>site: website-ul apar\u0163in\u00e2nd \u015fi fiind administrat de AO \u201ePrim\u0103vara care ne une\u0219te\u201d, care se afl\u0103 la adresa www.primavara.md, prin intermediul c\u0103ruia utilizatorul are acces la informa\u0163ii privind activitatea AO \u201ePrim\u0103vara care ne une\u0219te\u201d.<\/p>\n<p>con\u0163inutul site-ului: orice material, orice informa\u0163ie, publicate pe site sub orice form\u0103 \u2013 text, fotografii, grafic\u0103, audio, video;<\/p>\n<p>utilizator: persoana care acceseaz\u0103 site-ul, \u00een scopuri private sau profesionale \u015fi care a acceptat termenii \u015fi condi\u0163iile de utilizare ale prezentului site;<\/p>\n<p>utilizare abuziv\u0103: utilizarea site-ului \u00eentr-un mod contrar practicii \u00een domeniu, a reglement\u0103rilor \u015fi legisla\u0163iei \u00een vigoare sau \u00een orice alt mod care poate aduce prejudicii AO \u201ePrim\u0103vara care ne une\u0219te\u201d.<\/p>\n<p>AO \u201ePrim\u0103vara care ne une\u0219te\u201d \u00ee\u015fi rezerv\u0103 dreptul de a remedia \u00een orice modalitate permis\u0103 de lege orice violare a acestor termeni \u015fi condi\u0163ii, inclusiv violarea drepturilor AO \u201ePrim\u0103vara care ne une\u0219te\u201d referitoare la sigla \u015fi logo-ul organiza\u0163iei \u015fi a drepturilor de autor referitoare la con\u0163inutul site-ului.<\/p>\n<p>Site-ul www.primavara.md este pus la dispozi\u0163ia utilizatorilor pentru a fi folosit numai \u00een interes personal sau profesional \u015fi \u00een scop educa\u0163ional.<\/p>\n<p>Con\u0163inutul site-ului www.primavara.md este selectat dup\u0103 criteriile organiza\u0163iei \u015fi la libera alegere a acesteia. AO \u201ePrim\u0103vara care ne une\u0219te\u201d \u00ee\u015fi rezerv\u0103 dreptul de a modifica \u00een orice moment con\u0163inutul site-ului, inclusiv termenii \u015fi condi\u0163iile de utilizare ale acestuia. Folosirea \u00een continuare a site-ului \u00eenseamn\u0103 acceptarea noilor termeni \u015fi condi\u0163ii.<\/p>\n<p>AO \u201ePrim\u0103vara care ne une\u0219te\u201d nu r\u0103spunde pentru consecin\u0163ele, inclusiv financiare, ce decurg din utilizarea site-ului, inclusiv folosirea necorespunz\u0103toare, improprie sau frauduloas\u0103 a acestuia.<\/p>\n<p>AO \u201ePrim\u0103vara care ne une\u0219te\u201d nu garanteaz\u0103 \u015fi nu \u00ee\u015fi asum\u0103 responsabilitatea pentru orice contaminare cu viru\u015fi sau orice alt\u0103 contaminare care are propriet\u0103\u0163i distructive. AO \u201ePrim\u0103vara care ne une\u0219te\u201d nu garanteaz\u0103 pentru nicio necontaminare \u00een acest sens. Nicio transmisiune pe internet nu este 100% sigur\u0103, de aceea orice informa\u0163ie transmis\u0103 prin e-mail implic\u0103 riscul utilizatorului.<\/p>\n<p>Termenii \u015fi condi\u0163iile referitoare la acest site sunt guvernate de legisla\u021bia Republicii Moldova. Orice litigii decurg\u00e2nd din utilizarea site-ului sau \u00een leg\u0103tur\u0103 cu acesta vor fi vor fi supuse spre rezolvare instan\u0163elor judec\u0103tore\u015fti din Republica Moldova.<\/p>\n<p><strong>CONDI\u0162II<\/strong><\/p>\n<p><strong>Numele \u015fi logo-ul AO \u201ePrim\u0103vara care ne une\u0219te\u201d<\/strong><\/p>\n<p>Numele \u015fi logo-ul AO \u201ePrim\u0103vara care ne une\u0219te\u201d sunt proprietatea exclusiv\u0103 a AO \u201ePrim\u0103vara care ne une\u0219te\u201d. Folosirea neautorizat\u0103 a acestora este interzis\u0103. Acestea nu pot fi copiate sau reproduse f\u0103r\u0103 permisiunea scris\u0103 AO \u201ePrim\u0103vara care ne une\u0219te\u201d.<\/p>\n<p><strong>Drepturi de proprietate intelectual\u0103<\/strong><\/p>\n<p>Con\u0163inutul site-ului www.primavara.md este protejat de Legea Nr. 139 din 02-07-2010 privind dreptul de autor \u015fi drepturile conexe.<\/p>\n<p>Toate materialele integrate \u00een acest site sunt proprietatea intelectual\u0103 a AO \u201ePrim\u0103vara care ne une\u0219te\u201d. Aceste materiale pot fi copiate sau reproduse numai cu men\u0163ionarea sursei (AO \u201ePrim\u0103vara care ne une\u0219te\u201d). Utilizarea fotografiilor este permis\u0103 numai cu acordul scris prealabil al AO \u201ePrim\u0103vara care ne une\u0219te\u201d.<\/p>\n<p><strong>Dona\u0163ii<\/strong><\/p>\n<p>Prin site-ului www.primavara.md se pot face dona\u0163ii online prin intermediul Paynet. Donatorul are posibilitatea s\u0103 indice suma pe care dore\u015fte s\u0103 o doneze. Suma pe care o va direc\u0163iona se va folosi de c\u0103tre AO \u201ePrim\u0103vara care ne une\u0219te\u201d pentru dezvoltarea serviciilor gratuite de \u00eengrijire paliativ\u0103. Suma donat\u0103 se retrage de pe cardul bancar indicat de utilizator. \u00cen cazul \u00een care donatorul completeaz\u0103 coordonatele sale de contact, va fi introdus \u00een baza de date a sus\u0163in\u0103torilor AO \u201ePrim\u0103vara care ne une\u0219te\u201d \u015fi va fi informat periodic despre proiectele derulate.<\/p>\n<p><strong>ACHIZI\u021aIONARE BILETE LA EVENIMENTE<\/strong><\/p>\n<p>Prin site-ul www.primavara.md se pot achizi\u021biona bilete la evenimentele organizate de AO \u201ePrim\u0103vara care ne une\u0219te\u201d.<\/p>\n<p><strong>Procesul de cump\u0103rare:<\/strong><\/p>\n<ul>\n<li>Biletele pot fi achitate online cu cardul VISA sau Mastercard pe site-ul www.primavara.md, prin intermediul companiei licen\u021biate la nivel na\u021bional PAYNET SERVICES SRL (Prestator).<\/li>\n<li>Biletele pot fi rezervate \u0219i achitate \u00een numerar, la sediul asocia\u021biei \u00een mun. B\u0103l\u021bi, str. Sf. Nicolae 61, ap. 15, \u00een termen de 5 zile lucr\u0103toare sau p\u00e2n\u0103 \u00een ultima zi lucr\u0103toare inaintea evenimentului;<\/li>\n<li>Plata este acceptat\u0103 \u00een favoarea AO \u201ePrim\u0103vara care ne une\u0219te\u201d (Organizator)<\/li>\n<\/ul>\n<p><strong>Despre Bilete:<\/strong><\/p>\n<ul>\n<li>Organizatorul nu poart\u0103 r\u0103spundere dac\u0103 biletele sunt pierdute, deteriorate sau multiplicate.<\/li>\n<li>Siguran\u021ba biletelor personale este responsabilitatea fiec\u0103rui utilizator.<\/li>\n<li>Dac\u0103 un cump\u0103r\u0103tor an achizi\u021bionat un bilet de la organizator, nu este permis s\u0103-l v\u00e2nd\u0103 sau s\u0103-l \u00eenstr\u0103ineze c\u0103tre o ter\u021b\u0103 parte \u00een scopul ob\u021binerii de avantaje materiale or \u00een scopuri promo\u021bionale. Organizatorul evenimentului poate interzice persoanelor care au astfel de bilete la eveniment s\u0103 participe sau s\u0103 le evacueze din loca\u021bie.<\/li>\n<li>Prestatorul nu \u00ee\u0219i asum\u0103 nicio r\u0103spundere pentru orice \u00eent\u00e2rziere, am\u00e2n\u0103re sau anulare an evenimentului pentru care au fost cump\u0103rate biletele. De asemenea, nu \u00ee\u0219i asum\u0103 nicio r\u0103spundere pentru restric\u021biile impuse de organizator sau de institu\u021biile statului, cum ar fi limitarea num\u0103rului de bilete care pot fi cump\u0103rate de o persoan\u0103 sau de persoane individuale supuse unor restric\u021bii legale sau alte restric\u021bii. Persoanele care cump\u0103r\u0103 bilete trebuie s\u0103 se adreseze organizatorului evenimentului pentru eventualele preten\u021bii.<\/li>\n<\/ul>\n<p><strong>Returnare<\/strong><\/p>\n<ul>\n<li>Returnarea pl\u0103\u021bilor cu cardul poate avea loc pe card \u00een decurs de 30 zile.<\/li>\n<li>Returnarea pl\u0103\u021bilor cash poate avea loc doar la sediul prestatorului.<\/li>\n<\/ul>\n<p>a) pe card<\/p>\n<ul>\n<li>Dac\u0103 p\u00e2n\u0103 la eveniment au r\u0103mas cel pu\u021bin 7 zile (168 ore), se returneaz\u0103 100% din suma biletelor.<\/li>\n<li>Dac\u0103 p\u00e2n\u0103 la eveniment au r\u0103mas cel pu\u021bin 5 zile (120 ore), se returneaz\u0103 90% din suma biletelor.<\/li>\n<li>Dac\u0103 p\u00e2n\u0103 la eveniment au r\u0103mas cel pu\u021bin 3 zile (72 ore), se returneaz\u0103 70% din suma biletelor.<\/li>\n<li>Dac\u0103 p\u00e2n\u0103 la eveniment au r\u0103mas cel pu\u021bin 2 zile (48 ore), se returneaz\u0103 50% din suma biletelor.<\/li>\n<li>Returnarea biletelor poate avea loc cu cel t\u00e2rziu 48 ore \u00eenainte de eveniment.<\/li>\n<li>\u00cen caz de anulare a evenimentului, banii se returneaz\u0103 pe card \u00een propor\u021bie de 100%.<\/li>\n<li>Nu se returneaza biletele dac\u0103 p\u00e2n\u0103 la eveniment au r\u0103mas mai pu\u021bin de 48 ore sau dac\u0103 e Sold Out.<\/li>\n<li>Taxa de procesare sau cheltuielile legate de livrarea biletelor nu se returneaz\u0103.<\/li>\n<li>Banii vor fi returnati pe card \u0219i vor fi vizibili \u00een 30 zile.<\/li>\n<\/ul>\n<p>b) bilete fizice<\/p>\n<ul>\n<li>Pentru returnarea banilor cash \u00een cazul biletelor fizice, se aplic\u0103 acelea\u0219i condi\u021bii ca \u0219i pentru returnarea banilor pe card.<\/li>\n<\/ul>\n<p><strong>Procesul de returnare<\/strong><\/p>\n<p>Pentru a ob\u021bine returnarea biletelor este necesar de a trimite un email de solicitare la adresa <a href=\"mailto:office@primavara.md\">office@primavara.md<\/a><\/p>","protected":false},"excerpt":{"rendered":"<p>Site-ul primavara.md Acest website (www.primavara.md), numit \u00een continuare \u201esite\u201d este administrat de AO \u201ePrim\u0103vara care ne une\u0219te\u201d, IDNO 1020620002380 cu [&hellip;]<\/p>\n","protected":false},"author":1,"featured_media":0,"parent":0,"menu_order":0,"comment_status":"closed","ping_status":"closed","template":"","meta":{"site-sidebar-layout":"default","site-content-layout":"","ast-site-content-layout":"default","site-content-style":"default","site-sidebar-style":"default","ast-global-header-display":"","ast-banner-title-visibility":"","ast-main-header-display":"","ast-hfb-above-header-display":"","ast-hfb-below-header-display":"","ast-hfb-mobile-header-display":"","site-post-title":"","ast-breadcrumbs-content":"","ast-featured-img":"","footer-sml-layout":"","ast-disable-related-posts":"","theme-transparent-header-meta":"","adv-header-id-meta":"","stick-header-meta":"","header-above-stick-meta":"","header-main-stick-meta":"","header-below-stick-meta":"","astra-migrate-meta-layouts":"default","ast-page-background-enabled":"default","ast-page-background-meta":{"desktop":{"background-color":"","background-image":"","background-repeat":"repeat","background-position":"center center","background-size":"auto","background-attachment":"scroll","background-type":"","background-media":"","overlay-type":"","overlay-color":"","overlay-opacity":"","overlay-gradient":""},"tablet":{"background-color":"","background-image":"","background-repeat":"repeat","background-position":"center center","background-size":"auto","background-attachment":"scroll","background-type":"","background-media":"","overlay-type":"","overlay-color":"","overlay-opacity":"","overlay-gradient":""},"mobile":{"background-color":"","background-image":"","background-repeat":"repeat","background-position":"center center","background-size":"auto","background-attachment":"scroll","background-type":"","background-media":"","overlay-type":"","overlay-color":"","overlay-opacity":"","overlay-gradient":""}},"ast-content-background-meta":{"desktop":{"background-color":"var(--ast-global-color-5)","background-image":"","background-repeat":"repeat","background-position":"center center","background-size":"auto","background-attachment":"scroll","background-type":"","background-media":"","overlay-type":"","overlay-color":"","overlay-opacity":"","overlay-gradient":""},"tablet":{"background-color":"var(--ast-global-color-5)","background-image":"","background-repeat":"repeat","background-position":"center center","background-size":"auto","background-attachment":"scroll","background-type":"","background-media":"","overlay-type":"","overlay-color":"","overlay-opacity":"","overlay-gradient":""},"mobile":{"background-color":"var(--ast-global-color-5)","background-image":"","background-repeat":"repeat","background-position":"center center","background-size":"auto","background-attachment":"scroll","background-type":"","background-media":"","overlay-type":"","overlay-color":"","overlay-opacity":"","overlay-gradient":""}},"footnotes":""},"class_list":["post-3696","page","type-page","status-publish","hentry"],"yoast_head":"<!-- This site is optimized with the Yoast SEO plugin v27.4 - https:\/\/yoast.com\/product\/yoast-seo-wordpress\/ -->\n<title>Termeni \u0219i condi\u021bii - Primavara<\/title>\n<meta name=\"robots\" content=\"index, follow, max-snippet:-1, max-image-preview:large, max-video-preview:-1\" \/>\n<link rel=\"canonical\" href=\"https:\/\/primavara.md\/ru\/termeni-si-conditii\/\" \/>\n<meta property=\"og:locale\" content=\"ru_RU\" \/>\n<meta property=\"og:type\" content=\"article\" \/>\n<meta property=\"og:title\" content=\"Termeni \u0219i condi\u021bii - Primavara\" \/>\n<meta property=\"og:description\" content=\"Site-ul primavara.md Acest website (www.primavara.md), numit \u00een continuare \u201esite\u201d este administrat de AO \u201ePrim\u0103vara care ne une\u0219te\u201d, IDNO 1020620002380 cu [&hellip;]\" \/>\n<meta property=\"og:url\" content=\"https:\/\/primavara.md\/ru\/termeni-si-conditii\/\" \/>\n<meta property=\"og:site_name\" content=\"Primavara\" \/>\n<meta property=\"article:publisher\" content=\"https:\/\/www.facebook.com\/primavara.md\" \/>\n<meta property=\"article:modified_time\" content=\"2023-05-23T19:24:36+00:00\" \/>\n<meta name=\"twitter:card\" content=\"summary_large_image\" \/>\n<meta name=\"twitter:label1\" content=\"\u041f\u0440\u0438\u043c\u0435\u0440\u043d\u043e\u0435 \u0432\u0440\u0435\u043c\u044f \u0434\u043b\u044f \u0447\u0442\u0435\u043d\u0438\u044f\" \/>\n\t<meta name=\"twitter:data1\" content=\"6 \u043c\u0438\u043d\u0443\u0442\" \/>\n<script type=\"application\/ld+json\" class=\"yoast-schema-graph\">{\"@context\":\"https:\\\/\\\/schema.org\",\"@graph\":[{\"@type\":\"WebPage\",\"@id\":\"https:\\\/\\\/primavara.md\\\/termeni-si-conditii\\\/\",\"url\":\"https:\\\/\\\/primavara.md\\\/termeni-si-conditii\\\/\",\"name\":\"Termeni \u0219i condi\u021bii - Primavara\",\"isPartOf\":{\"@id\":\"https:\\\/\\\/primavara.md\\\/#website\"},\"datePublished\":\"2022-03-14T07:39:26+00:00\",\"dateModified\":\"2023-05-23T19:24:36+00:00\",\"breadcrumb\":{\"@id\":\"https:\\\/\\\/primavara.md\\\/termeni-si-conditii\\\/#breadcrumb\"},\"inLanguage\":\"ru-RU\",\"potentialAction\":[{\"@type\":\"ReadAction\",\"target\":[\"https:\\\/\\\/primavara.md\\\/termeni-si-conditii\\\/\"]}]},{\"@type\":\"BreadcrumbList\",\"@id\":\"https:\\\/\\\/primavara.md\\\/termeni-si-conditii\\\/#breadcrumb\",\"itemListElement\":[{\"@type\":\"ListItem\",\"position\":1,\"name\":\"Prima pagin\u0103\",\"item\":\"https:\\\/\\\/primavara.md\\\/\"},{\"@type\":\"ListItem\",\"position\":2,\"name\":\"Termeni \u0219i condi\u021bii\"}]},{\"@type\":\"WebSite\",\"@id\":\"https:\\\/\\\/primavara.md\\\/#website\",\"url\":\"https:\\\/\\\/primavara.md\\\/\",\"name\":\"Primavara\",\"description\":\"Primavara care ne uneste\",\"publisher\":{\"@id\":\"https:\\\/\\\/primavara.md\\\/#organization\"},\"potentialAction\":[{\"@type\":\"SearchAction\",\"target\":{\"@type\":\"EntryPoint\",\"urlTemplate\":\"https:\\\/\\\/primavara.md\\\/?s={search_term_string}\"},\"query-input\":{\"@type\":\"PropertyValueSpecification\",\"valueRequired\":true,\"valueName\":\"search_term_string\"}}],\"inLanguage\":\"ru-RU\"},{\"@type\":\"Organization\",\"@id\":\"https:\\\/\\\/primavara.md\\\/#organization\",\"name\":\"AO \u201ePrim\u0103vara care ne une\u0219te\u201d\",\"url\":\"https:\\\/\\\/primavara.md\\\/\",\"logo\":{\"@type\":\"ImageObject\",\"inLanguage\":\"ru-RU\",\"@id\":\"https:\\\/\\\/primavara.md\\\/#\\\/schema\\\/logo\\\/image\\\/\",\"url\":\"https:\\\/\\\/primavara.md\\\/wp-content\\\/uploads\\\/2022\\\/07\\\/sicker-logo-png.png\",\"contentUrl\":\"https:\\\/\\\/primavara.md\\\/wp-content\\\/uploads\\\/2022\\\/07\\\/sicker-logo-png.png\",\"width\":1500,\"height\":1500,\"caption\":\"AO \u201ePrim\u0103vara care ne une\u0219te\u201d\"},\"image\":{\"@id\":\"https:\\\/\\\/primavara.md\\\/#\\\/schema\\\/logo\\\/image\\\/\"},\"sameAs\":[\"https:\\\/\\\/www.facebook.com\\\/primavara.md\"]}]}<\/script>\n<!-- \/ Yoast SEO plugin. -->","yoast_head_json":{"title":"Termeni \u0219i condi\u021bii - Primavara","robots":{"index":"index","follow":"follow","max-snippet":"max-snippet:-1","max-image-preview":"max-image-preview:large","max-video-preview":"max-video-preview:-1"},"canonical":"https:\/\/primavara.md\/ru\/termeni-si-conditii\/","og_locale":"ru_RU","og_type":"article","og_title":"Termeni \u0219i condi\u021bii - Primavara","og_description":"Site-ul primavara.md Acest website (www.primavara.md), numit \u00een continuare \u201esite\u201d este administrat de AO \u201ePrim\u0103vara care ne une\u0219te\u201d, IDNO 1020620002380 cu [&hellip;]","og_url":"https:\/\/primavara.md\/ru\/termeni-si-conditii\/","og_site_name":"Primavara","article_publisher":"https:\/\/www.facebook.com\/primavara.md","article_modified_time":"2023-05-23T19:24:36+00:00","twitter_card":"summary_large_image","twitter_misc":{"\u041f\u0440\u0438\u043c\u0435\u0440\u043d\u043e\u0435 \u0432\u0440\u0435\u043c\u044f \u0434\u043b\u044f \u0447\u0442\u0435\u043d\u0438\u044f":"6 \u043c\u0438\u043d\u0443\u0442"},"schema":{"@context":"https:\/\/schema.org","@graph":[{"@type":"WebPage","@id":"https:\/\/primavara.md\/termeni-si-conditii\/","url":"https:\/\/primavara.md\/termeni-si-conditii\/","name":"Termeni \u0219i condi\u021bii - Primavara","isPartOf":{"@id":"https:\/\/primavara.md\/#website"},"datePublished":"2022-03-14T07:39:26+00:00","dateModified":"2023-05-23T19:24:36+00:00","breadcrumb":{"@id":"https:\/\/primavara.md\/termeni-si-conditii\/#breadcrumb"},"inLanguage":"ru-RU","potentialAction":[{"@type":"ReadAction","target":["https:\/\/primavara.md\/termeni-si-conditii\/"]}]},{"@type":"BreadcrumbList","@id":"https:\/\/primavara.md\/termeni-si-conditii\/#breadcrumb","itemListElement":[{"@type":"ListItem","position":1,"name":"Prima pagin\u0103","item":"https:\/\/primavara.md\/"},{"@type":"ListItem","position":2,"name":"Termeni \u0219i condi\u021bii"}]},{"@type":"WebSite","@id":"https:\/\/primavara.md\/#website","url":"https:\/\/primavara.md\/","name":"Primavara","description":"Primavara care ne uneste","publisher":{"@id":"https:\/\/primavara.md\/#organization"},"potentialAction":[{"@type":"SearchAction","target":{"@type":"EntryPoint","urlTemplate":"https:\/\/primavara.md\/?s={search_term_string}"},"query-input":{"@type":"PropertyValueSpecification","valueRequired":true,"valueName":"search_term_string"}}],"inLanguage":"ru-RU"},{"@type":"Organization","@id":"https:\/\/primavara.md\/#organization","name":"AO \u201ePrim\u0103vara care ne une\u0219te\u201d","url":"https:\/\/primavara.md\/","logo":{"@type":"ImageObject","inLanguage":"ru-RU","@id":"https:\/\/primavara.md\/#\/schema\/logo\/image\/","url":"https:\/\/primavara.md\/wp-content\/uploads\/2022\/07\/sicker-logo-png.png","contentUrl":"https:\/\/primavara.md\/wp-content\/uploads\/2022\/07\/sicker-logo-png.png","width":1500,"height":1500,"caption":"AO \u201ePrim\u0103vara care ne une\u0219te\u201d"},"image":{"@id":"https:\/\/primavara.md\/#\/schema\/logo\/image\/"},"sameAs":["https:\/\/www.facebook.com\/primavara.md"]}]}},"_links":{"self":[{"href":"https:\/\/primavara.md\/ru\/wp-json\/wp\/v2\/pages\/3696","targetHints":{"allow":["GET"]}}],"collection":[{"href":"https:\/\/primavara.md\/ru\/wp-json\/wp\/v2\/pages"}],"about":[{"href":"https:\/\/primavara.md\/ru\/wp-json\/wp\/v2\/types\/page"}],"author":[{"embeddable":true,"href":"https:\/\/primavara.md\/ru\/wp-json\/wp\/v2\/users\/1"}],"replies":[{"embeddable":true,"href":"https:\/\/primavara.md\/ru\/wp-json\/wp\/v2\/comments?post=3696"}],"version-history":[{"count":9,"href":"https:\/\/primavara.md\/ru\/wp-json\/wp\/v2\/pages\/3696\/revisions"}],"predecessor-version":[{"id":5718,"href":"https:\/\/primavara.md\/ru\/wp-json\/wp\/v2\/pages\/3696\/revisions\/5718"}],"wp:attachment":[{"href":"https:\/\/primavara.md\/ru\/wp-json\/wp\/v2\/media?parent=3696"}],"curies":[{"name":"wp","href":"https:\/\/api.w.org\/{rel}","templated":true}]}}